{"id":237,"date":"2022-05-19T20:14:27","date_gmt":"2022-05-19T20:14:27","guid":{"rendered":"https:\/\/maqueta.www.ametel.cl\/?page_id=237"},"modified":"2022-08-05T12:16:32","modified_gmt":"2022-08-05T12:16:32","slug":"trabajos-en-tension","status":"publish","type":"page","link":"https:\/\/www.ametel.cl\/en\/trabajos-en-tension\/","title":{"rendered":"Trabajos en Tensi\u00f3n"},"content":{"rendered":"<div data-elementor-type=\"wp-page\" data-elementor-id=\"237\" class=\"elementor elementor-237\">\n\t\t\t\t\t\t<section class=\"elementor-section elementor-top-section elementor-element elementor-element-37aa4e2f elementor-section-boxed elementor-section-height-default elementor-section-height-default\" data-id=\"37aa4e2f\" data-element_type=\"section\" data-e-type=\"section\">\n\t\t\t\t\t\t<div class=\"elementor-container elementor-column-gap-default\">\n\t\t\t\t\t<div class=\"elementor-column elementor-col-100 elementor-top-column elementor-element elementor-element-2656c42a\" data-id=\"2656c42a\" data-element_type=\"column\" data-e-type=\"column\">\n\t\t\t<div class=\"elementor-widget-wrap elementor-element-populated\">\n\t\t\t\t\t\t<div class=\"elementor-element elementor-element-7c19406d elementor-widget elementor-widget-text-editor\" data-id=\"7c19406d\" data-element_type=\"widget\" data-e-type=\"widget\" data-widget_type=\"text-editor.default\">\n\t\t\t\t<div class=\"elementor-widget-container\">\n\t\t\t\t\t\t\t\t\t\n\t\t<!-- MasterSlider -->\n\t\t<div id=\"P_MS69d8589a486c5\" class=\"master-slider-parent slider-subarea  ms-parent-id-21\" style=\"\" >\n\n\t\t\t\n\t\t\t<!-- MasterSlider Main -->\n\t\t\t<div id=\"MS69d8589a486c5\" class=\"master-slider ms-skin-default\" >\n\t\t\t\t \t\t\t\t \n<div class=\"ms-overlay-layers\">\t\t\t\t\t<div  class=\"ms-layer w-100\" style=\"\"      data-ease=\"easeOutQuint\"                data-offset-x=\"0\" data-offset-y=\"0\" data-origin=\"ml\"   >\n<div class=\"container\"><div class=\"row\"><div class=\"col-10 col-lg-12\"><h2>Trabajos en Tensi\u00f3n<\/h2><\/div><\/div><\/div><\/div>\n\n<\/div>\n\t\t\t<div  class=\"ms-slide\" data-delay=\"3\" data-fill-mode=\"fill\"   >\n\t\t\t\t\t<img decoding=\"async\" src=\"https:\/\/www.ametel.cl\/wp-content\/plugins\/masterslider\/public\/assets\/css\/blank.gif\" alt=\"\" title=\"linea-alta-tension\" data-src=\"https:\/\/www.ametel.cl\/wp-content\/uploads\/2022\/05\/trabajos-tension-1-scaled.jpg\" \/>\n\n\n\t\t\t\t<\/div>\n\n\t\t\t<\/div>\n\t\t\t<!-- END MasterSlider Main -->\n\n\t\t\t \n\t\t<\/div>\n\t\t<!-- END MasterSlider -->\n\n\t\t<script>\n\t\t( window.MSReady = window.MSReady || [] ).push( function( $ ) {\n\n\t\t\t\"use strict\";\n\t\t\tvar masterslider_86c5 = new MasterSlider();\n\n\t\t\t\/\/ slider controls\n\t\t\t\/\/ slider setup\n\t\t\tmasterslider_86c5.setup(\"MS69d8589a486c5\", {\n\t\t\t\twidth           : 1000,\n\t\t\t\theight          : 600,\n\t\t\t\tminHeight       : 600,\n\t\t\t\tspace           : 0,\n\t\t\t\tstart           : 1,\n\t\t\t\tgrabCursor      : false,\n\t\t\t\tswipe           : false,\n\t\t\t\tmouse           : false,\n\t\t\t\tkeyboard        : false,\n\t\t\t\tlayout          : \"fullwidth\",\n\t\t\t\twheel           : false,\n\t\t\t\tautoplay        : false,\n                instantStartLayers:false,\n\t\t\t\tmobileBGVideo:false,\n\t\t\t\tloop            : false,\n\t\t\t\tshuffle         : false,\n\t\t\t\tpreload         : 0,\n\t\t\t\theightLimit     : true,\n\t\t\t\tautoHeight      : false,\n\t\t\t\tsmoothHeight    : true,\n\t\t\t\tendPause        : false,\n\t\t\t\toverPause       : true,\n\t\t\t\tfillMode        : \"fill\",\n\t\t\t\tcenterControls  : true,\n\t\t\t\tstartOnAppear   : false,\n\t\t\t\tlayersMode      : \"center\",\n\t\t\t\tautofillTarget  : \"\",\n\t\t\t\thideLayers      : false,\n\t\t\t\tfullscreenMargin: 0,\n\t\t\t\tspeed           : 20,\n\t\t\t\tdir             : \"h\",\n\t\t\t\tresponsive      : true,\n\t\t\t\ttabletWidth     : 768,\n\t\t\t\ttabletHeight    : null,\n\t\t\t\tphoneWidth      : 480,\n\t\t\t\tphoneHeight    : null,\n\t\t\t\tsizingReference : window,\n\t\t\t\tparallaxMode    : 'swipe',\n\t\t\t\tview            : \"basic\"\n\t\t\t});\n\n\t\t\t\t\t\tMSScrollParallax.setup( masterslider_86c5, 30, 50, true );\n\t\t\twindow.masterslider_instances = window.masterslider_instances || [];\n\t\t\twindow.masterslider_instances.push( masterslider_86c5 );\n\t\t});\n\t\t<\/script>\n\n\n<div class=\"container subarea\">\n<div class=\"row align-center\">\n<div class=\"col-12 col-lg-6\"><img decoding=\"async\" class=\"img-responsive\" src=\"\/img\/trabajos-tension-2.jpg\" alt=\"trabajos-tension-1\" \/><br \/><img decoding=\"async\" class=\"img-responsive mt-2\" src=\"\/img\/trabajos-tension-3.jpg\" alt=\"trabajos-tension-2\" \/><\/div>\n<div class=\"col-12 col-lg-6 mt-3\">\n<p>En l\u00ednea con la sociedad actual y, con objeto de facilitar un suministro el\u00e9ctrico de calidad, las compa\u00f1\u00edas distribuidoras apuestan cada vez m\u00e1s por los Trabajos en Tensi\u00f3n (TeT).<\/p>\n<p>Con esta \u201cdisciplina t\u00e9cnica\u201d se hace posible realizar labores de mantenimiento de red sin afectar a los suministros con cortes indeseados.<\/p>\n<p>El personal del Departamento TeT de Ametel est\u00e1 habilitado para las diferentes t\u00e9cnicas\/ m\u00e9todos que hacen posible realizar estos trabajos sin que el cliente final (los consumidores) se vean perjudicados y, sin que ni siquiera perciban ninguna variaci\u00f3n en la calidad del suministro.<\/p>\n<p>Ametel es capaz de desarrollar trabajos por los m\u00e9todos a Distancia, Contacto y Potencial a diferentes rangos de tensi\u00f3n. Para hacer esto posible, combinamos una minuciosa formaci\u00f3n interna con el uso de medios t\u00e9cnicos de gran fiabilidad, dando como resultado, actuaciones con est\u00e1ndares de excelencia en cuanto a seguridad y salud en el entorno laboral.<\/p>\n<\/div>\n<\/div>\n<\/div>\t\t\t\t\t\t\t\t<\/div>\n\t\t\t\t<\/div>\n\t\t\t\t\t<\/div>\n\t\t<\/div>\n\t\t\t\t\t<\/div>\n\t\t<\/section>\n\t\t\t\t<\/div>","protected":false},"excerpt":{"rendered":"<p>En l\u00ednea con la sociedad actual y, con objeto de facilitar un suministro el\u00e9ctrico de calidad, las compa\u00f1\u00edas distribuidoras apuestan cada vez m\u00e1s por los Trabajos en Tensi\u00f3n (TeT). Con esta \u201cdisciplina t\u00e9cnica\u201d se hace posible realizar labores de mantenimiento de red sin afectar a los suministros con cortes indeseados. El personal del Departamento TeT [&#8230;]<\/p>\n<p><a class=\"btn btn-secondary understrap-read-more-link\" href=\"https:\/\/www.ametel.cl\/en\/trabajos-en-tension\/\">Read More&#8230;<span class=\"screen-reader-text\"> from Trabajos en Tensi\u00f3n<\/span><\/a><\/p>\n","protected":false},"author":1,"featured_media":0,"parent":0,"menu_order":0,"comment_status":"closed","ping_status":"closed","template":"page-templates\/empty.php","meta":{"_acf_changed":false,"inline_featured_image":false,"footnotes":""},"class_list":["post-237","page","type-page","status-publish","hentry"],"acf":[],"yoast_head":"<!-- This site is optimized with the Yoast SEO plugin v27.3 - https:\/\/yoast.com\/product\/yoast-seo-wordpress\/ -->\n<title>Trabajos en Tensi\u00f3n - Ametel<\/title>\n<meta name=\"robots\" content=\"index, follow, max-snippet:-1, max-image-preview:large, max-video-preview:-1\" \/>\n<link rel=\"canonical\" href=\"https:\/\/www.ametel.cl\/en\/trabajos-en-tension\/\" \/>\n<meta property=\"og:locale\" content=\"en_GB\" \/>\n<meta property=\"og:type\" content=\"article\" \/>\n<meta property=\"og:title\" content=\"Trabajos en Tensi\u00f3n - Ametel\" \/>\n<meta property=\"og:description\" content=\"En l\u00ednea con la sociedad actual y, con objeto de facilitar un suministro el\u00e9ctrico de calidad, las compa\u00f1\u00edas distribuidoras apuestan cada vez m\u00e1s por los Trabajos en Tensi\u00f3n (TeT). Con esta \u201cdisciplina t\u00e9cnica\u201d se hace posible realizar labores de mantenimiento de red sin afectar a los suministros con cortes indeseados. El personal del Departamento TeT [...]Read More... from Trabajos en Tensi\u00f3n\" \/>\n<meta property=\"og:url\" content=\"https:\/\/www.ametel.cl\/en\/trabajos-en-tension\/\" \/>\n<meta property=\"og:site_name\" content=\"Ametel\" \/>\n<meta property=\"article:modified_time\" content=\"2022-08-05T12:16:32+00:00\" \/>\n<meta name=\"twitter:card\" content=\"summary_large_image\" \/>\n<meta name=\"twitter:label1\" content=\"Estimated reading time\" \/>\n\t<meta name=\"twitter:data1\" content=\"1 minute\" \/>\n<script type=\"application\/ld+json\" class=\"yoast-schema-graph\">{\"@context\":\"https:\\\/\\\/schema.org\",\"@graph\":[{\"@type\":\"WebPage\",\"@id\":\"https:\\\/\\\/www.ametel.cl\\\/trabajos-en-tension\\\/\",\"url\":\"https:\\\/\\\/www.ametel.cl\\\/trabajos-en-tension\\\/\",\"name\":\"Trabajos en Tensi\u00f3n - Ametel\",\"isPartOf\":{\"@id\":\"https:\\\/\\\/www.ametel.cl\\\/#website\"},\"datePublished\":\"2022-05-19T20:14:27+00:00\",\"dateModified\":\"2022-08-05T12:16:32+00:00\",\"breadcrumb\":{\"@id\":\"https:\\\/\\\/www.ametel.cl\\\/trabajos-en-tension\\\/#breadcrumb\"},\"inLanguage\":\"en-GB\",\"potentialAction\":[{\"@type\":\"ReadAction\",\"target\":[\"https:\\\/\\\/www.ametel.cl\\\/trabajos-en-tension\\\/\"]}]},{\"@type\":\"BreadcrumbList\",\"@id\":\"https:\\\/\\\/www.ametel.cl\\\/trabajos-en-tension\\\/#breadcrumb\",\"itemListElement\":[{\"@type\":\"ListItem\",\"position\":1,\"name\":\"Portada\",\"item\":\"https:\\\/\\\/www.ametel.cl\\\/\"},{\"@type\":\"ListItem\",\"position\":2,\"name\":\"Trabajos en Tensi\u00f3n\"}]},{\"@type\":\"WebSite\",\"@id\":\"https:\\\/\\\/www.ametel.cl\\\/#website\",\"url\":\"https:\\\/\\\/www.ametel.cl\\\/\",\"name\":\"Ametel\",\"description\":\"Andaluza de Montajes El\u00e9ctricos y Telef\u00f3nicos S.A.\",\"publisher\":{\"@id\":\"https:\\\/\\\/www.ametel.cl\\\/#organization\"},\"potentialAction\":[{\"@type\":\"SearchAction\",\"target\":{\"@type\":\"EntryPoint\",\"urlTemplate\":\"https:\\\/\\\/www.ametel.cl\\\/?s={search_term_string}\"},\"query-input\":{\"@type\":\"PropertyValueSpecification\",\"valueRequired\":true,\"valueName\":\"search_term_string\"}}],\"inLanguage\":\"en-GB\"},{\"@type\":\"Organization\",\"@id\":\"https:\\\/\\\/www.ametel.cl\\\/#organization\",\"name\":\"Ametel\",\"url\":\"https:\\\/\\\/www.ametel.cl\\\/\",\"logo\":{\"@type\":\"ImageObject\",\"inLanguage\":\"en-GB\",\"@id\":\"https:\\\/\\\/www.ametel.cl\\\/#\\\/schema\\\/logo\\\/image\\\/\",\"url\":\"https:\\\/\\\/www.ametel.cl\\\/wp-content\\\/uploads\\\/2024\\\/02\\\/AMETELLOGOCHILE.png\",\"contentUrl\":\"https:\\\/\\\/www.ametel.cl\\\/wp-content\\\/uploads\\\/2024\\\/02\\\/AMETELLOGOCHILE.png\",\"width\":1094,\"height\":595,\"caption\":\"Ametel\"},\"image\":{\"@id\":\"https:\\\/\\\/www.ametel.cl\\\/#\\\/schema\\\/logo\\\/image\\\/\"}}]}<\/script>\n<!-- \/ Yoast SEO plugin. -->","yoast_head_json":{"title":"Trabajos en Tensi\u00f3n - Ametel","robots":{"index":"index","follow":"follow","max-snippet":"max-snippet:-1","max-image-preview":"max-image-preview:large","max-video-preview":"max-video-preview:-1"},"canonical":"https:\/\/www.ametel.cl\/en\/trabajos-en-tension\/","og_locale":"en_GB","og_type":"article","og_title":"Trabajos en Tensi\u00f3n - Ametel","og_description":"En l\u00ednea con la sociedad actual y, con objeto de facilitar un suministro el\u00e9ctrico de calidad, las compa\u00f1\u00edas distribuidoras apuestan cada vez m\u00e1s por los Trabajos en Tensi\u00f3n (TeT). Con esta \u201cdisciplina t\u00e9cnica\u201d se hace posible realizar labores de mantenimiento de red sin afectar a los suministros con cortes indeseados. El personal del Departamento TeT [...]Read More... from Trabajos en Tensi\u00f3n","og_url":"https:\/\/www.ametel.cl\/en\/trabajos-en-tension\/","og_site_name":"Ametel","article_modified_time":"2022-08-05T12:16:32+00:00","twitter_card":"summary_large_image","twitter_misc":{"Estimated reading time":"1 minute"},"schema":{"@context":"https:\/\/schema.org","@graph":[{"@type":"WebPage","@id":"https:\/\/www.ametel.cl\/trabajos-en-tension\/","url":"https:\/\/www.ametel.cl\/trabajos-en-tension\/","name":"Trabajos en Tensi\u00f3n - Ametel","isPartOf":{"@id":"https:\/\/www.ametel.cl\/#website"},"datePublished":"2022-05-19T20:14:27+00:00","dateModified":"2022-08-05T12:16:32+00:00","breadcrumb":{"@id":"https:\/\/www.ametel.cl\/trabajos-en-tension\/#breadcrumb"},"inLanguage":"en-GB","potentialAction":[{"@type":"ReadAction","target":["https:\/\/www.ametel.cl\/trabajos-en-tension\/"]}]},{"@type":"BreadcrumbList","@id":"https:\/\/www.ametel.cl\/trabajos-en-tension\/#breadcrumb","itemListElement":[{"@type":"ListItem","position":1,"name":"Portada","item":"https:\/\/www.ametel.cl\/"},{"@type":"ListItem","position":2,"name":"Trabajos en Tensi\u00f3n"}]},{"@type":"WebSite","@id":"https:\/\/www.ametel.cl\/#website","url":"https:\/\/www.ametel.cl\/","name":"Ametel","description":"Andaluza de Montajes El\u00e9ctricos y Telef\u00f3nicos S.A.","publisher":{"@id":"https:\/\/www.ametel.cl\/#organization"},"potentialAction":[{"@type":"SearchAction","target":{"@type":"EntryPoint","urlTemplate":"https:\/\/www.ametel.cl\/?s={search_term_string}"},"query-input":{"@type":"PropertyValueSpecification","valueRequired":true,"valueName":"search_term_string"}}],"inLanguage":"en-GB"},{"@type":"Organization","@id":"https:\/\/www.ametel.cl\/#organization","name":"Ametel","url":"https:\/\/www.ametel.cl\/","logo":{"@type":"ImageObject","inLanguage":"en-GB","@id":"https:\/\/www.ametel.cl\/#\/schema\/logo\/image\/","url":"https:\/\/www.ametel.cl\/wp-content\/uploads\/2024\/02\/AMETELLOGOCHILE.png","contentUrl":"https:\/\/www.ametel.cl\/wp-content\/uploads\/2024\/02\/AMETELLOGOCHILE.png","width":1094,"height":595,"caption":"Ametel"},"image":{"@id":"https:\/\/www.ametel.cl\/#\/schema\/logo\/image\/"}}]}},"_links":{"self":[{"href":"https:\/\/www.ametel.cl\/en\/wp-json\/wp\/v2\/pages\/237","targetHints":{"allow":["GET"]}}],"collection":[{"href":"https:\/\/www.ametel.cl\/en\/wp-json\/wp\/v2\/pages"}],"about":[{"href":"https:\/\/www.ametel.cl\/en\/wp-json\/wp\/v2\/types\/page"}],"author":[{"embeddable":true,"href":"https:\/\/www.ametel.cl\/en\/wp-json\/wp\/v2\/users\/1"}],"replies":[{"embeddable":true,"href":"https:\/\/www.ametel.cl\/en\/wp-json\/wp\/v2\/comments?post=237"}],"version-history":[{"count":19,"href":"https:\/\/www.ametel.cl\/en\/wp-json\/wp\/v2\/pages\/237\/revisions"}],"predecessor-version":[{"id":374,"href":"https:\/\/www.ametel.cl\/en\/wp-json\/wp\/v2\/pages\/237\/revisions\/374"}],"wp:attachment":[{"href":"https:\/\/www.ametel.cl\/en\/wp-json\/wp\/v2\/media?parent=237"}],"curies":[{"name":"wp","href":"https:\/\/api.w.org\/{rel}","templated":true}]}}