{"id":33,"date":"2022-02-18T00:21:34","date_gmt":"2022-02-18T00:21:34","guid":{"rendered":"http:\/\/localhost\/ametel\/?page_id=3"},"modified":"2022-11-22T02:37:17","modified_gmt":"2022-11-22T02:37:17","slug":"politica-de-cookies","status":"publish","type":"page","link":"https:\/\/www.ametel.cl\/en\/politica-de-cookies\/","title":{"rendered":"Pol\u00edtica de cookies"},"content":{"rendered":"<p><\/p>\n\n\n\n<p>En cumplimiento con el deber de informaci\u00f3n recogido en el apartado 2 del art\u00edculo 22 de la Ley 34\/2002, de 11 de Julio, de Servicios de la Sociedad de la Informaci\u00f3n y del Comercio Electr\u00f3nico, la presente cl\u00e1usula de cookies tiene por finalidad informar a los usuarios de manera clara y precisa sobre las cookies que utiliza el dominio web de AMETEL S.A.<\/p>\n\n\n\n<h2 class=\"wp-block-heading\">\u00bfQu\u00e9 son las cookies?<\/h2>\n\n\n\n<p>Una cookie es un fichero de peque\u00f1o tama\u00f1o que los sitios web env\u00edan al navegador y descargan en su ordenador. Las cookies permiten que la p\u00e1gina web almacene y recupere la informaci\u00f3n sobre su visita, como el idioma y otras opciones, con el fin de mejorar los servicios que se ofrecen y contribuir a tener una mejor experiencia en la navegaci\u00f3n para el usuario.<\/p>\n\n\n\n<h2 class=\"wp-block-heading\">\u00bfQu\u00e9 tipos de cookies utiliza esta web?<\/h2>\n\n\n\n<h3 class=\"wp-block-heading\">Cookies de terceros:<\/h3>\n\n\n\n<p>Google Analytics<\/p>\n\n\n\n<p>Permiten realizar el seguimiento del sitio web mediante la herramienta Google Analytics, que es un servicio proporcionado por Google para obtener informaci\u00f3n de los accesos de los usuarios a los sitios web.<\/p>\n\n\n\n<h2 class=\"wp-block-heading\">C\u00f3mo modificar la configuraci\u00f3n de las cookies<\/h2>\n\n\n\n<p>El usuario puede restringir, bloquear o borrar las cookies de AMETEL S.A., o cualquier otra p\u00e1gina web utilizando su navegador. En cada navegador la operativa es diferente, puede encontrar c\u00f3mo hacerlo en el men\u00fa de ayuda de su navegador, en el cual se establece el procedimiento para su eliminaci\u00f3n. Para m\u00e1s informaci\u00f3n puede acceder a las siguientes p\u00e1ginas web:<\/p>\n\n\n\n<p>El usuario podr\u00e1 en cualquier momento cambiar la configuraci\u00f3n y permisos, eligiendo qu\u00e9 cookies quiere que funcionen en este sitio web mediante la configuraci\u00f3n de su navegador:<\/p>\n\n\n\n<p><a href=\"https:\/\/support.google.com\/chrome\/answer\/95647?co=GENIE.Platform%3DDesktop&amp;hl=es\" target=\"_blank\" rel=\"noreferrer noopener\">Chrome<\/a><br><a href=\"https:\/\/support.microsoft.com\/es-es\/help\/278835\/how-to-delete-cookie-files-in-internet-explorer\" target=\"_blank\" rel=\"noreferrer noopener\">Explorer<\/a><br><a href=\"https:\/\/support.mozilla.org\/es\/kb\/habilitar-y-deshabilitar-cookies-sitios-web-rastrear-preferencias\" target=\"_blank\" rel=\"noreferrer noopener\">Firefox<\/a><br><a href=\"https:\/\/support.apple.com\/es-es\/guide\/safari\/sfri11471\/mac\" target=\"_blank\" rel=\"noreferrer noopener\">Safari<\/a><\/p>\n\n\n\n<p>Es posible que al deshabilitar las cookies la p\u00e1gina web no funcionen correctamente o no pueda acceder a determinadas funciones de la misma.<\/p>\n\n\n\n<h2 class=\"wp-block-heading\">Actualizaciones de la pol\u00edtica de cookies<\/h2>\n\n\n\n<p>Es posible que se realicen actualizaciones de la Pol\u00edtica de Cookies de nuestra web, por ello le recomendamos que revise peri\u00f3dicamente esta pol\u00edtica con el objetivo de estar adecuadamente informado sobre c\u00f3mo y para qu\u00e9 usamos las cookies.<\/p>","protected":false},"excerpt":{"rendered":"<p>En cumplimiento con el deber de informaci\u00f3n recogido en el apartado 2 del art\u00edculo 22 de la Ley 34\/2002, de 11 de Julio, de Servicios de la Sociedad de la Informaci\u00f3n y del Comercio Electr\u00f3nico, la presente cl\u00e1usula de cookies tiene por finalidad informar a los usuarios de manera clara y precisa sobre las cookies [&#8230;]<\/p>\n<p><a class=\"btn btn-secondary understrap-read-more-link\" href=\"https:\/\/www.ametel.cl\/en\/politica-de-cookies\/\">Read More&#8230;<span class=\"screen-reader-text\"> from Pol\u00edtica de cookies<\/span><\/a><\/p>\n","protected":false},"author":1,"featured_media":0,"parent":0,"menu_order":0,"comment_status":"closed","ping_status":"open","template":"","meta":{"_acf_changed":false,"inline_featured_image":false,"footnotes":""},"class_list":["post-33","page","type-page","status-publish","hentry"],"acf":[],"yoast_head":"<!-- This site is optimized with the Yoast SEO plugin v27.3 - https:\/\/yoast.com\/product\/yoast-seo-wordpress\/ -->\n<title>Pol\u00edtica de cookies - Ametel<\/title>\n<meta name=\"robots\" content=\"index, follow, max-snippet:-1, max-image-preview:large, max-video-preview:-1\" \/>\n<link rel=\"canonical\" href=\"https:\/\/www.ametel.cl\/en\/politica-de-cookies\/\" \/>\n<meta property=\"og:locale\" content=\"en_GB\" \/>\n<meta property=\"og:type\" content=\"article\" \/>\n<meta property=\"og:title\" content=\"Pol\u00edtica de cookies - Ametel\" \/>\n<meta property=\"og:description\" content=\"En cumplimiento con el deber de informaci\u00f3n recogido en el apartado 2 del art\u00edculo 22 de la Ley 34\/2002, de 11 de Julio, de Servicios de la Sociedad de la Informaci\u00f3n y del Comercio Electr\u00f3nico, la presente cl\u00e1usula de cookies tiene por finalidad informar a los usuarios de manera clara y precisa sobre las cookies [...]Read More... from Pol\u00edtica de cookies\" \/>\n<meta property=\"og:url\" content=\"https:\/\/www.ametel.cl\/en\/politica-de-cookies\/\" \/>\n<meta property=\"og:site_name\" content=\"Ametel\" \/>\n<meta property=\"article:modified_time\" content=\"2022-11-22T02:37:17+00:00\" \/>\n<meta name=\"twitter:card\" content=\"summary_large_image\" \/>\n<meta name=\"twitter:label1\" content=\"Estimated reading time\" \/>\n\t<meta name=\"twitter:data1\" content=\"2 minutes\" \/>\n<script type=\"application\/ld+json\" class=\"yoast-schema-graph\">{\"@context\":\"https:\\\/\\\/schema.org\",\"@graph\":[{\"@type\":\"WebPage\",\"@id\":\"https:\\\/\\\/www.ametel.cl\\\/politica-de-cookies\\\/\",\"url\":\"https:\\\/\\\/www.ametel.cl\\\/politica-de-cookies\\\/\",\"name\":\"Pol\u00edtica de cookies - Ametel\",\"isPartOf\":{\"@id\":\"https:\\\/\\\/www.ametel.cl\\\/#website\"},\"datePublished\":\"2022-02-18T00:21:34+00:00\",\"dateModified\":\"2022-11-22T02:37:17+00:00\",\"breadcrumb\":{\"@id\":\"https:\\\/\\\/www.ametel.cl\\\/politica-de-cookies\\\/#breadcrumb\"},\"inLanguage\":\"en-GB\",\"potentialAction\":[{\"@type\":\"ReadAction\",\"target\":[\"https:\\\/\\\/www.ametel.cl\\\/politica-de-cookies\\\/\"]}]},{\"@type\":\"BreadcrumbList\",\"@id\":\"https:\\\/\\\/www.ametel.cl\\\/politica-de-cookies\\\/#breadcrumb\",\"itemListElement\":[{\"@type\":\"ListItem\",\"position\":1,\"name\":\"Portada\",\"item\":\"https:\\\/\\\/www.ametel.cl\\\/\"},{\"@type\":\"ListItem\",\"position\":2,\"name\":\"Pol\u00edtica de cookies\"}]},{\"@type\":\"WebSite\",\"@id\":\"https:\\\/\\\/www.ametel.cl\\\/#website\",\"url\":\"https:\\\/\\\/www.ametel.cl\\\/\",\"name\":\"Ametel\",\"description\":\"Andaluza de Montajes El\u00e9ctricos y Telef\u00f3nicos S.A.\",\"publisher\":{\"@id\":\"https:\\\/\\\/www.ametel.cl\\\/#organization\"},\"potentialAction\":[{\"@type\":\"SearchAction\",\"target\":{\"@type\":\"EntryPoint\",\"urlTemplate\":\"https:\\\/\\\/www.ametel.cl\\\/?s={search_term_string}\"},\"query-input\":{\"@type\":\"PropertyValueSpecification\",\"valueRequired\":true,\"valueName\":\"search_term_string\"}}],\"inLanguage\":\"en-GB\"},{\"@type\":\"Organization\",\"@id\":\"https:\\\/\\\/www.ametel.cl\\\/#organization\",\"name\":\"Ametel\",\"url\":\"https:\\\/\\\/www.ametel.cl\\\/\",\"logo\":{\"@type\":\"ImageObject\",\"inLanguage\":\"en-GB\",\"@id\":\"https:\\\/\\\/www.ametel.cl\\\/#\\\/schema\\\/logo\\\/image\\\/\",\"url\":\"https:\\\/\\\/www.ametel.cl\\\/wp-content\\\/uploads\\\/2024\\\/02\\\/AMETELLOGOCHILE.png\",\"contentUrl\":\"https:\\\/\\\/www.ametel.cl\\\/wp-content\\\/uploads\\\/2024\\\/02\\\/AMETELLOGOCHILE.png\",\"width\":1094,\"height\":595,\"caption\":\"Ametel\"},\"image\":{\"@id\":\"https:\\\/\\\/www.ametel.cl\\\/#\\\/schema\\\/logo\\\/image\\\/\"}}]}<\/script>\n<!-- \/ Yoast SEO plugin. -->","yoast_head_json":{"title":"Pol\u00edtica de cookies - Ametel","robots":{"index":"index","follow":"follow","max-snippet":"max-snippet:-1","max-image-preview":"max-image-preview:large","max-video-preview":"max-video-preview:-1"},"canonical":"https:\/\/www.ametel.cl\/en\/politica-de-cookies\/","og_locale":"en_GB","og_type":"article","og_title":"Pol\u00edtica de cookies - Ametel","og_description":"En cumplimiento con el deber de informaci\u00f3n recogido en el apartado 2 del art\u00edculo 22 de la Ley 34\/2002, de 11 de Julio, de Servicios de la Sociedad de la Informaci\u00f3n y del Comercio Electr\u00f3nico, la presente cl\u00e1usula de cookies tiene por finalidad informar a los usuarios de manera clara y precisa sobre las cookies [...]Read More... from Pol\u00edtica de cookies","og_url":"https:\/\/www.ametel.cl\/en\/politica-de-cookies\/","og_site_name":"Ametel","article_modified_time":"2022-11-22T02:37:17+00:00","twitter_card":"summary_large_image","twitter_misc":{"Estimated reading time":"2 minutes"},"schema":{"@context":"https:\/\/schema.org","@graph":[{"@type":"WebPage","@id":"https:\/\/www.ametel.cl\/politica-de-cookies\/","url":"https:\/\/www.ametel.cl\/politica-de-cookies\/","name":"Pol\u00edtica de cookies - Ametel","isPartOf":{"@id":"https:\/\/www.ametel.cl\/#website"},"datePublished":"2022-02-18T00:21:34+00:00","dateModified":"2022-11-22T02:37:17+00:00","breadcrumb":{"@id":"https:\/\/www.ametel.cl\/politica-de-cookies\/#breadcrumb"},"inLanguage":"en-GB","potentialAction":[{"@type":"ReadAction","target":["https:\/\/www.ametel.cl\/politica-de-cookies\/"]}]},{"@type":"BreadcrumbList","@id":"https:\/\/www.ametel.cl\/politica-de-cookies\/#breadcrumb","itemListElement":[{"@type":"ListItem","position":1,"name":"Portada","item":"https:\/\/www.ametel.cl\/"},{"@type":"ListItem","position":2,"name":"Pol\u00edtica de cookies"}]},{"@type":"WebSite","@id":"https:\/\/www.ametel.cl\/#website","url":"https:\/\/www.ametel.cl\/","name":"Ametel","description":"Andaluza de Montajes El\u00e9ctricos y Telef\u00f3nicos S.A.","publisher":{"@id":"https:\/\/www.ametel.cl\/#organization"},"potentialAction":[{"@type":"SearchAction","target":{"@type":"EntryPoint","urlTemplate":"https:\/\/www.ametel.cl\/?s={search_term_string}"},"query-input":{"@type":"PropertyValueSpecification","valueRequired":true,"valueName":"search_term_string"}}],"inLanguage":"en-GB"},{"@type":"Organization","@id":"https:\/\/www.ametel.cl\/#organization","name":"Ametel","url":"https:\/\/www.ametel.cl\/","logo":{"@type":"ImageObject","inLanguage":"en-GB","@id":"https:\/\/www.ametel.cl\/#\/schema\/logo\/image\/","url":"https:\/\/www.ametel.cl\/wp-content\/uploads\/2024\/02\/AMETELLOGOCHILE.png","contentUrl":"https:\/\/www.ametel.cl\/wp-content\/uploads\/2024\/02\/AMETELLOGOCHILE.png","width":1094,"height":595,"caption":"Ametel"},"image":{"@id":"https:\/\/www.ametel.cl\/#\/schema\/logo\/image\/"}}]}},"_links":{"self":[{"href":"https:\/\/www.ametel.cl\/en\/wp-json\/wp\/v2\/pages\/33","targetHints":{"allow":["GET"]}}],"collection":[{"href":"https:\/\/www.ametel.cl\/en\/wp-json\/wp\/v2\/pages"}],"about":[{"href":"https:\/\/www.ametel.cl\/en\/wp-json\/wp\/v2\/types\/page"}],"author":[{"embeddable":true,"href":"https:\/\/www.ametel.cl\/en\/wp-json\/wp\/v2\/users\/1"}],"replies":[{"embeddable":true,"href":"https:\/\/www.ametel.cl\/en\/wp-json\/wp\/v2\/comments?post=33"}],"version-history":[{"count":3,"href":"https:\/\/www.ametel.cl\/en\/wp-json\/wp\/v2\/pages\/33\/revisions"}],"predecessor-version":[{"id":446,"href":"https:\/\/www.ametel.cl\/en\/wp-json\/wp\/v2\/pages\/33\/revisions\/446"}],"wp:attachment":[{"href":"https:\/\/www.ametel.cl\/en\/wp-json\/wp\/v2\/media?parent=33"}],"curies":[{"name":"wp","href":"https:\/\/api.w.org\/{rel}","templated":true}]}}