{"id":438,"date":"2022-11-22T02:28:39","date_gmt":"2022-11-22T02:28:39","guid":{"rendered":"https:\/\/www.ametel.cl\/?page_id=438"},"modified":"2023-02-10T12:53:03","modified_gmt":"2023-02-10T12:53:03","slug":"aviso-legal","status":"publish","type":"page","link":"https:\/\/www.ametel.cl\/en\/aviso-legal\/","title":{"rendered":"Aviso Legal"},"content":{"rendered":"<p><\/p>\n\n\n\n<h2 class=\"wp-block-heading\">Datos legales<\/h2>\n\n\n\n<p><strong>Andaluza de Montajes El\u00e9ctricos y Telef\u00f3nicos<\/strong><br>C.I.F.: A41207838<br>Sede Social: Pol\u00edgono Industrial La Isla, C\/Rio Viejo 9 &#8211; 41700 Dos Hermanas &#8211; Sevilla (Espa\u00f1a)<\/p>\n\n\n\n<h3 class=\"wp-block-heading\">Datos registrales<\/h3>\n\n\n\n<p>Registro Mercantil: Inscrita en el registro mercantil de la provincia de Sevilla Tomo 916, Libro 641 de la Secci\u00f3n 3<sup>3<\/sup>, Folio 91, Hoja n\u00famero 13.725<\/p>\n\n\n\n<h3 class=\"wp-block-heading\">Contactar con Andaluza de Montajes El\u00e9ctricos y Telef\u00f3nicos<\/h3>\n\n\n\n<p>Tel\u00e9fono: <a rel=\"noreferrer noopener\" href=\"tel:+34954689930\" target=\"_blank\">(+34) 954 689 930<\/a><br>Email: <a rel=\"noreferrer noopener\" href=\"mailto:info@ametel.es\" target=\"_blank\">info@ametel.es<\/a><\/p>\n\n\n\n<h3 class=\"wp-block-heading\">Otra informaci\u00f3n<\/h3>\n\n\n\n<ul class=\"wp-block-list\">\n<li><a href=\"https:\/\/www.ametel.cl\/en\/politica-de-privacidad\/\">Pol\u00edtica de Privacidad<\/a><\/li>\n\n\n\n<li><a href=\"https:\/\/www.ametel.cl\/en\/politica-de-cookies\/\">Pol\u00edtica de Cookies<\/a><\/li>\n<\/ul>\n\n\n\n<h2 class=\"wp-block-heading\"><a id=\"Privacidad\"><\/a>Pol\u00edtica de Privacidad<\/h2>\n\n\n\n<p><\/p>\n\n\n\n<h3 class=\"wp-block-heading\">Compromiso de Andaluza de Montajes El\u00e9ctricos y Telef\u00f3nicos sobre protecci\u00f3n de Privacidad<\/h3>\n\n\n\n<p>Garantizar la protecci\u00f3n, privacidad y seguridad de su informaci\u00f3n personal es importante para Andaluza de Montajes El\u00e9ctricos y Telef\u00f3nicos y tambi\u00e9n para el modo en que llevamos a cabo nuestro negocio, en cumplimiento con las leyes sobre privacidad, protecci\u00f3n de datos y seguridad de los datos en los sitios web que mantenemos. Esperamos que la pol\u00edtica descrita a continuaci\u00f3n le ayude a entender qu\u00e9 informaci\u00f3n puede almacenar Andaluza de Montajes El\u00e9ctricos y Telef\u00f3nicos, c\u00f3mo la puede utilizar y con qui\u00e9n podemos compartir dicha informaci\u00f3n.<\/p>\n\n\n\n<p><\/p>\n\n\n\n<h3 class=\"wp-block-heading\">Informaci\u00f3n adicional sobre protecci\u00f3n de datos.<\/h3>\n\n\n\n<p>De conformidad con lo establecido en los arts. 13 y 14 del REGLAMENTO (UE) 2016\/679 DEL PARLAMENTO EUROPEO Y DEL CONSEJO de 27 de abril de 2016, relativo a la protecci\u00f3n de las personas f\u00edsicas en lo que respecta al tratamiento de datos personales y a la libre circulaci\u00f3n de estos datos (en adelante, \u00abRGPD\u00bb), y los art\u00edculos 6 y 11 de la Ley Org\u00e1nica 3\/2018, de 5 de diciembre, de Protecci\u00f3n de Datos de Car\u00e1cter Personal y garant\u00eda de los derechos digitales (en adelante, \u00abLOPDGDD\u00bb), por el que se regula el derecho de informaci\u00f3n en la recogida de datos, le informamos de los siguientes extremos.<\/p>\n\n\n\n<h3 class=\"wp-block-heading\">\u00bfQui\u00e9n es el responsable del tratamiento de tus datos personales?<\/h3>\n\n\n\n<p>Los datos de car\u00e1cter personal que nos ha suministrado en esta y otras comunicaciones mantenidas con usted ser\u00e1n objeto de tratamiento en los ficheros responsabilidad de AMETEL S.A. (Andaluza de Montajes El\u00e9ctricos y Telef\u00f3nicos S.A.).<\/p>\n\n\n\n<p>Para cualquier cuesti\u00f3n en esta materia, el cliente puede ponerse en contacto con el Encargado de Tratamiento de Datos con direcci\u00f3n postal en la Direcci\u00f3n: Pol\u00edgono Industrial La Isla, C\/R\u00edo Viejo, 41700 Dos Hermanas- Sevilla (Espa\u00f1a).<\/p>\n\n\n\n<p>AMETEL S.A., ha designado un Delegado de Protecci\u00f3n de Datos, con email rgpd@ametel.es y tel\u00e9fono +34 954 989 930.<\/p>\n\n\n\n<h3 class=\"wp-block-heading\">\u00bfQu\u00e9 datos personales recopilamos?<\/h3>\n\n\n\n<p>Los datos personales que el usuario puede llegar a proporcionar:<\/p>\n\n\n\n<ul class=\"wp-block-list\">\n<li>&#8211; Nombre, empresa.<\/li>\n\n\n\n<li>&#8211; N\u00famero de tel\u00e9fono y direcci\u00f3n de correo electr\u00f3nico.<\/li>\n\n\n\n<li>&#8211; Direcci\u00f3n IP, fecha y hora en la que has accedido a nuestros servicios, navegador de internet que uses y datos sobre el sistema operativo del dispositivo.<\/li>\n\n\n\n<li>&#8211; Consentimiento del interesado para la contrataci\u00f3n de servicios y productos, para los formularios de contacto, las solicitudes de informaci\u00f3n o alta en e-newsletters.<\/li>\n\n\n\n<li>&#8211; Inter\u00e9s leg\u00edtimo para el tratamiento de datos de nuestros clientes en acciones de marketing directo y consentimiento expreso del interesado para todo lo relativo a las valoraciones autom\u00e1ticas y elaboraci\u00f3n de perfiles.<\/li>\n\n\n\n<li>&#8211; Cumplimiento de obligaciones legales para prevenci\u00f3n del fraude, comunicaci\u00f3n con Autoridades p\u00fablicas y reclamaciones de terceros.<\/li>\n\n\n\n<li>&#8211; Google Analytics<\/li>\n\n\n\n<li>&#8211; Derecho de acceso: puedes pedir informaci\u00f3n de aquellos datos personales que dispongamos acerca de ti.<\/li>\n\n\n\n<li>&#8211; Derecho de rectificaci\u00f3n: puedes comunicar cualquier cambio en tus datos personales.<\/li>\n\n\n\n<li>&#8211; Derecho de supresi\u00f3n y al olvido: puedes solicitar la eliminaci\u00f3n previo bloqueo de los datos personales.<\/li>\n\n\n\n<li>&#8211; Derecho de limitaci\u00f3n al tratamiento: supone la restricci\u00f3n del tratamiento de los datos personales.<\/li>\n\n\n\n<li>&#8211; Derecho de oposici\u00f3n: puedes retirar el consentimiento del tratamiento de los datos, oponi\u00e9ndose a que se sigan tratando.<\/li>\n\n\n\n<li>&#8211; Derecho a la portabilidad: en algunos casos, puedes pedir una copia de los datos personales en un formato estructurado, de uso com\u00fan y lectura mec\u00e1nica para su transmisi\u00f3n a otro responsable.<\/li>\n\n\n\n<li>&#8211; Derecho a no ser objeto de decisiones individualizadas: puedes solicitar que no se tomen decisiones que se basen \u00fanicamente en el tratamiento automatizado, incluyendo la elaboraci\u00f3n de perfiles, que produzca efectos jur\u00eddicos o afecte significativamente al interesado.<\/li>\n<\/ul>","protected":false},"excerpt":{"rendered":"<p>Datos legales Andaluza de Montajes El\u00e9ctricos y Telef\u00f3nicosC.I.F.: A41207838Sede Social: Pol\u00edgono Industrial La Isla, C\/Rio Viejo 9 &#8211; 41700 Dos Hermanas &#8211; Sevilla (Espa\u00f1a) Datos registrales Registro Mercantil: Inscrita en el registro mercantil de la provincia de Sevilla Tomo 916, Libro 641 de la Secci\u00f3n 33, Folio 91, Hoja n\u00famero 13.725 Contactar con Andaluza de [&#8230;]<\/p>\n<p><a class=\"btn btn-secondary understrap-read-more-link\" href=\"https:\/\/www.ametel.cl\/en\/aviso-legal\/\">Read More&#8230;<span class=\"screen-reader-text\"> from Aviso Legal<\/span><\/a><\/p>\n","protected":false},"author":1,"featured_media":0,"parent":0,"menu_order":0,"comment_status":"closed","ping_status":"closed","template":"","meta":{"_acf_changed":false,"inline_featured_image":false,"footnotes":""},"class_list":["post-438","page","type-page","status-publish","hentry"],"acf":[],"yoast_head":"<!-- This site is optimized with the Yoast SEO plugin v27.3 - https:\/\/yoast.com\/product\/yoast-seo-wordpress\/ -->\n<title>Aviso Legal - Ametel<\/title>\n<meta name=\"robots\" content=\"index, follow, max-snippet:-1, max-image-preview:large, max-video-preview:-1\" \/>\n<link rel=\"canonical\" href=\"https:\/\/www.ametel.cl\/en\/aviso-legal\/\" \/>\n<meta property=\"og:locale\" content=\"en_GB\" \/>\n<meta property=\"og:type\" content=\"article\" \/>\n<meta property=\"og:title\" content=\"Aviso Legal - Ametel\" \/>\n<meta property=\"og:description\" content=\"Datos legales Andaluza de Montajes El\u00e9ctricos y Telef\u00f3nicosC.I.F.: A41207838Sede Social: Pol\u00edgono Industrial La Isla, C\/Rio Viejo 9 &#8211; 41700 Dos Hermanas &#8211; Sevilla (Espa\u00f1a) Datos registrales Registro Mercantil: Inscrita en el registro mercantil de la provincia de Sevilla Tomo 916, Libro 641 de la Secci\u00f3n 33, Folio 91, Hoja n\u00famero 13.725 Contactar con Andaluza de [...]Read More... from Aviso Legal\" \/>\n<meta property=\"og:url\" content=\"https:\/\/www.ametel.cl\/en\/aviso-legal\/\" \/>\n<meta property=\"og:site_name\" content=\"Ametel\" \/>\n<meta property=\"article:modified_time\" content=\"2023-02-10T12:53:03+00:00\" \/>\n<meta name=\"twitter:card\" content=\"summary_large_image\" \/>\n<meta name=\"twitter:label1\" content=\"Estimated reading time\" \/>\n\t<meta name=\"twitter:data1\" content=\"4 minutes\" \/>\n<script type=\"application\/ld+json\" class=\"yoast-schema-graph\">{\"@context\":\"https:\\\/\\\/schema.org\",\"@graph\":[{\"@type\":\"WebPage\",\"@id\":\"https:\\\/\\\/www.ametel.cl\\\/aviso-legal\\\/\",\"url\":\"https:\\\/\\\/www.ametel.cl\\\/aviso-legal\\\/\",\"name\":\"Aviso Legal - Ametel\",\"isPartOf\":{\"@id\":\"https:\\\/\\\/www.ametel.cl\\\/#website\"},\"datePublished\":\"2022-11-22T02:28:39+00:00\",\"dateModified\":\"2023-02-10T12:53:03+00:00\",\"breadcrumb\":{\"@id\":\"https:\\\/\\\/www.ametel.cl\\\/aviso-legal\\\/#breadcrumb\"},\"inLanguage\":\"en-GB\",\"potentialAction\":[{\"@type\":\"ReadAction\",\"target\":[\"https:\\\/\\\/www.ametel.cl\\\/aviso-legal\\\/\"]}]},{\"@type\":\"BreadcrumbList\",\"@id\":\"https:\\\/\\\/www.ametel.cl\\\/aviso-legal\\\/#breadcrumb\",\"itemListElement\":[{\"@type\":\"ListItem\",\"position\":1,\"name\":\"Portada\",\"item\":\"https:\\\/\\\/www.ametel.cl\\\/\"},{\"@type\":\"ListItem\",\"position\":2,\"name\":\"Aviso Legal\"}]},{\"@type\":\"WebSite\",\"@id\":\"https:\\\/\\\/www.ametel.cl\\\/#website\",\"url\":\"https:\\\/\\\/www.ametel.cl\\\/\",\"name\":\"Ametel\",\"description\":\"Andaluza de Montajes El\u00e9ctricos y Telef\u00f3nicos S.A.\",\"publisher\":{\"@id\":\"https:\\\/\\\/www.ametel.cl\\\/#organization\"},\"potentialAction\":[{\"@type\":\"SearchAction\",\"target\":{\"@type\":\"EntryPoint\",\"urlTemplate\":\"https:\\\/\\\/www.ametel.cl\\\/?s={search_term_string}\"},\"query-input\":{\"@type\":\"PropertyValueSpecification\",\"valueRequired\":true,\"valueName\":\"search_term_string\"}}],\"inLanguage\":\"en-GB\"},{\"@type\":\"Organization\",\"@id\":\"https:\\\/\\\/www.ametel.cl\\\/#organization\",\"name\":\"Ametel\",\"url\":\"https:\\\/\\\/www.ametel.cl\\\/\",\"logo\":{\"@type\":\"ImageObject\",\"inLanguage\":\"en-GB\",\"@id\":\"https:\\\/\\\/www.ametel.cl\\\/#\\\/schema\\\/logo\\\/image\\\/\",\"url\":\"https:\\\/\\\/www.ametel.cl\\\/wp-content\\\/uploads\\\/2024\\\/02\\\/AMETELLOGOCHILE.png\",\"contentUrl\":\"https:\\\/\\\/www.ametel.cl\\\/wp-content\\\/uploads\\\/2024\\\/02\\\/AMETELLOGOCHILE.png\",\"width\":1094,\"height\":595,\"caption\":\"Ametel\"},\"image\":{\"@id\":\"https:\\\/\\\/www.ametel.cl\\\/#\\\/schema\\\/logo\\\/image\\\/\"}}]}<\/script>\n<!-- \/ Yoast SEO plugin. -->","yoast_head_json":{"title":"Aviso Legal - Ametel","robots":{"index":"index","follow":"follow","max-snippet":"max-snippet:-1","max-image-preview":"max-image-preview:large","max-video-preview":"max-video-preview:-1"},"canonical":"https:\/\/www.ametel.cl\/en\/aviso-legal\/","og_locale":"en_GB","og_type":"article","og_title":"Aviso Legal - Ametel","og_description":"Datos legales Andaluza de Montajes El\u00e9ctricos y Telef\u00f3nicosC.I.F.: A41207838Sede Social: Pol\u00edgono Industrial La Isla, C\/Rio Viejo 9 &#8211; 41700 Dos Hermanas &#8211; Sevilla (Espa\u00f1a) Datos registrales Registro Mercantil: Inscrita en el registro mercantil de la provincia de Sevilla Tomo 916, Libro 641 de la Secci\u00f3n 33, Folio 91, Hoja n\u00famero 13.725 Contactar con Andaluza de [...]Read More... from Aviso Legal","og_url":"https:\/\/www.ametel.cl\/en\/aviso-legal\/","og_site_name":"Ametel","article_modified_time":"2023-02-10T12:53:03+00:00","twitter_card":"summary_large_image","twitter_misc":{"Estimated reading time":"4 minutes"},"schema":{"@context":"https:\/\/schema.org","@graph":[{"@type":"WebPage","@id":"https:\/\/www.ametel.cl\/aviso-legal\/","url":"https:\/\/www.ametel.cl\/aviso-legal\/","name":"Aviso Legal - Ametel","isPartOf":{"@id":"https:\/\/www.ametel.cl\/#website"},"datePublished":"2022-11-22T02:28:39+00:00","dateModified":"2023-02-10T12:53:03+00:00","breadcrumb":{"@id":"https:\/\/www.ametel.cl\/aviso-legal\/#breadcrumb"},"inLanguage":"en-GB","potentialAction":[{"@type":"ReadAction","target":["https:\/\/www.ametel.cl\/aviso-legal\/"]}]},{"@type":"BreadcrumbList","@id":"https:\/\/www.ametel.cl\/aviso-legal\/#breadcrumb","itemListElement":[{"@type":"ListItem","position":1,"name":"Portada","item":"https:\/\/www.ametel.cl\/"},{"@type":"ListItem","position":2,"name":"Aviso Legal"}]},{"@type":"WebSite","@id":"https:\/\/www.ametel.cl\/#website","url":"https:\/\/www.ametel.cl\/","name":"Ametel","description":"Andaluza de Montajes El\u00e9ctricos y Telef\u00f3nicos S.A.","publisher":{"@id":"https:\/\/www.ametel.cl\/#organization"},"potentialAction":[{"@type":"SearchAction","target":{"@type":"EntryPoint","urlTemplate":"https:\/\/www.ametel.cl\/?s={search_term_string}"},"query-input":{"@type":"PropertyValueSpecification","valueRequired":true,"valueName":"search_term_string"}}],"inLanguage":"en-GB"},{"@type":"Organization","@id":"https:\/\/www.ametel.cl\/#organization","name":"Ametel","url":"https:\/\/www.ametel.cl\/","logo":{"@type":"ImageObject","inLanguage":"en-GB","@id":"https:\/\/www.ametel.cl\/#\/schema\/logo\/image\/","url":"https:\/\/www.ametel.cl\/wp-content\/uploads\/2024\/02\/AMETELLOGOCHILE.png","contentUrl":"https:\/\/www.ametel.cl\/wp-content\/uploads\/2024\/02\/AMETELLOGOCHILE.png","width":1094,"height":595,"caption":"Ametel"},"image":{"@id":"https:\/\/www.ametel.cl\/#\/schema\/logo\/image\/"}}]}},"_links":{"self":[{"href":"https:\/\/www.ametel.cl\/en\/wp-json\/wp\/v2\/pages\/438","targetHints":{"allow":["GET"]}}],"collection":[{"href":"https:\/\/www.ametel.cl\/en\/wp-json\/wp\/v2\/pages"}],"about":[{"href":"https:\/\/www.ametel.cl\/en\/wp-json\/wp\/v2\/types\/page"}],"author":[{"embeddable":true,"href":"https:\/\/www.ametel.cl\/en\/wp-json\/wp\/v2\/users\/1"}],"replies":[{"embeddable":true,"href":"https:\/\/www.ametel.cl\/en\/wp-json\/wp\/v2\/comments?post=438"}],"version-history":[{"count":8,"href":"https:\/\/www.ametel.cl\/en\/wp-json\/wp\/v2\/pages\/438\/revisions"}],"predecessor-version":[{"id":482,"href":"https:\/\/www.ametel.cl\/en\/wp-json\/wp\/v2\/pages\/438\/revisions\/482"}],"wp:attachment":[{"href":"https:\/\/www.ametel.cl\/en\/wp-json\/wp\/v2\/media?parent=438"}],"curies":[{"name":"wp","href":"https:\/\/api.w.org\/{rel}","templated":true}]}}