{"id":82,"date":"2022-02-21T00:20:12","date_gmt":"2022-02-21T00:20:12","guid":{"rendered":"http:\/\/localhost\/ametel\/?page_id=82"},"modified":"2023-09-18T15:08:44","modified_gmt":"2023-09-18T15:08:44","slug":"subestaciones","status":"publish","type":"page","link":"https:\/\/www.ametel.cl\/en\/subestaciones\/","title":{"rendered":"Subestaciones El\u00e9ctricas"},"content":{"rendered":"<div data-elementor-type=\"wp-page\" data-elementor-id=\"82\" class=\"elementor elementor-82\">\n\t\t\t\t\t\t<section class=\"elementor-section elementor-top-section elementor-element elementor-element-a5df02d elementor-section-boxed elementor-section-height-default elementor-section-height-default\" data-id=\"a5df02d\" data-element_type=\"section\" data-e-type=\"section\">\n\t\t\t\t\t\t<div class=\"elementor-container elementor-column-gap-default\">\n\t\t\t\t\t<div class=\"elementor-column elementor-col-100 elementor-top-column elementor-element elementor-element-38c4f438\" data-id=\"38c4f438\" data-element_type=\"column\" data-e-type=\"column\">\n\t\t\t<div class=\"elementor-widget-wrap elementor-element-populated\">\n\t\t\t\t\t\t<div class=\"elementor-element elementor-element-2ed8e3c8 elementor-widget elementor-widget-text-editor\" data-id=\"2ed8e3c8\" data-element_type=\"widget\" data-e-type=\"widget\" data-widget_type=\"text-editor.default\">\n\t\t\t\t<div class=\"elementor-widget-container\">\n\t\t\t\t\t\t\t\t\t\n\t\t<!-- MasterSlider -->\n\t\t<div id=\"P_MS69d858c3aae8b\" class=\"master-slider-parent slider-subarea  ms-parent-id-9\" style=\"\" >\n\n\t\t\t\n\t\t\t<!-- MasterSlider Main -->\n\t\t\t<div id=\"MS69d858c3aae8b\" class=\"master-slider ms-skin-default\" >\n\t\t\t\t \t\t\t\t \n<div class=\"ms-overlay-layers\">\t\t\t\t\t<div  class=\"ms-layer w-100\" style=\"\"      data-ease=\"easeOutQuint\"                data-offset-x=\"0\" data-offset-y=\"0\" data-origin=\"ml\"   >\n<div class=\"container\"><div class=\"row\"><div class=\"col-10 col-lg-12\"><h2>Subestaciones El\u00e9ctricas<\/h2><\/div><\/div><\/div><\/div>\n\n<\/div>\n\t\t\t<div  class=\"ms-slide\" data-delay=\"3\" data-fill-mode=\"fill\"   >\n\t\t\t\t\t<img decoding=\"async\" src=\"https:\/\/www.ametel.cl\/wp-content\/plugins\/masterslider\/public\/assets\/css\/blank.gif\" alt=\"\" title=\"subestaciones\" data-src=\"https:\/\/www.ametel.cl\/wp-content\/uploads\/2022\/06\/subestaciones-slider.png\" \/>\n\n\n\t\t\t\t<\/div>\n\n\t\t\t<\/div>\n\t\t\t<!-- END MasterSlider Main -->\n\n\t\t\t \n\t\t<\/div>\n\t\t<!-- END MasterSlider -->\n\n\t\t<script>\n\t\t( window.MSReady = window.MSReady || [] ).push( function( $ ) {\n\n\t\t\t\"use strict\";\n\t\t\tvar masterslider_ae8b = new MasterSlider();\n\n\t\t\t\/\/ slider controls\n\t\t\t\/\/ slider setup\n\t\t\tmasterslider_ae8b.setup(\"MS69d858c3aae8b\", {\n\t\t\t\twidth           : 1000,\n\t\t\t\theight          : 600,\n\t\t\t\tminHeight       : 600,\n\t\t\t\tspace           : 0,\n\t\t\t\tstart           : 1,\n\t\t\t\tgrabCursor      : false,\n\t\t\t\tswipe           : false,\n\t\t\t\tmouse           : false,\n\t\t\t\tkeyboard        : false,\n\t\t\t\tlayout          : \"fullwidth\",\n\t\t\t\twheel           : false,\n\t\t\t\tautoplay        : false,\n                instantStartLayers:false,\n\t\t\t\tmobileBGVideo:false,\n\t\t\t\tloop            : false,\n\t\t\t\tshuffle         : false,\n\t\t\t\tpreload         : 0,\n\t\t\t\theightLimit     : true,\n\t\t\t\tautoHeight      : false,\n\t\t\t\tsmoothHeight    : true,\n\t\t\t\tendPause        : false,\n\t\t\t\toverPause       : true,\n\t\t\t\tfillMode        : \"fill\",\n\t\t\t\tcenterControls  : true,\n\t\t\t\tstartOnAppear   : false,\n\t\t\t\tlayersMode      : \"center\",\n\t\t\t\tautofillTarget  : \"\",\n\t\t\t\thideLayers      : false,\n\t\t\t\tfullscreenMargin: 0,\n\t\t\t\tspeed           : 20,\n\t\t\t\tdir             : \"h\",\n\t\t\t\tresponsive      : true,\n\t\t\t\ttabletWidth     : 768,\n\t\t\t\ttabletHeight    : null,\n\t\t\t\tphoneWidth      : 480,\n\t\t\t\tphoneHeight    : null,\n\t\t\t\tsizingReference : window,\n\t\t\t\tparallaxMode    : 'swipe',\n\t\t\t\tview            : \"basic\"\n\t\t\t});\n\n\t\t\t\t\t\tMSScrollParallax.setup( masterslider_ae8b, 30, 50, true );\n\t\t\twindow.masterslider_instances = window.masterslider_instances || [];\n\t\t\twindow.masterslider_instances.push( masterslider_ae8b );\n\t\t});\n\t\t<\/script>\n\n\n<div class=\"container subarea\">\n<div class=\"row align-center\">\n<div class=\"col-12 col-lg-6\"><img decoding=\"async\" class=\"img-responsive\" src=\"\/img\/subestaciones-1.png\" alt=\"subestaciones-1\" \/><br \/><img decoding=\"async\" class=\"img-responsive mt-2\" src=\"\/img\/subestaciones-2.png\" alt=\"subestaciones-2\" \/><\/div>\n<div class=\"col-12 col-lg-6 mt-3\">\n<p>Dentro de esta \u00e1rea de negocio, en Ametel estamos especializados en el desarrollo de ingenier\u00eda, mantenimiento, construcci\u00f3n y reforma de subestaciones elevadoras y seccionadoras de hasta 400kV.<\/p>\n<p>Tenemos capacidad y amplia experiencia en el desarrollo de acuerdos marco, contratos de montaje (BOPs) y contratos en modalidad \u201cllave en mano\u201d (EPCs).<\/p>\n<p>AMETEL dispone de los recursos propios, tanto humanos como materiales, para el desempe\u00f1o de la ingenier\u00eda, obras civiles, montaje electromec\u00e1nico, protecciones, sistemas de control y la puesta en servicio de sus proyectos.<\/p>\n<\/div>\n<\/div>\n<\/div>\t\t\t\t\t\t\t\t<\/div>\n\t\t\t\t<\/div>\n\t\t\t\t\t<\/div>\n\t\t<\/div>\n\t\t\t\t\t<\/div>\n\t\t<\/section>\n\t\t\t\t<\/div>","protected":false},"excerpt":{"rendered":"<p>Dentro de esta \u00e1rea de negocio, en Ametel estamos especializados en el desarrollo de ingenier\u00eda, mantenimiento, construcci\u00f3n y reforma de subestaciones elevadoras y seccionadoras de hasta 400kV. Tenemos capacidad y amplia experiencia en el desarrollo de acuerdos marco, contratos de montaje (BOPs) y contratos en modalidad \u201cllave en mano\u201d (EPCs). AMETEL dispone de los recursos [&#8230;]<\/p>\n<p><a class=\"btn btn-secondary understrap-read-more-link\" href=\"https:\/\/www.ametel.cl\/en\/subestaciones\/\">Read More&#8230;<span class=\"screen-reader-text\"> from Subestaciones El\u00e9ctricas<\/span><\/a><\/p>\n","protected":false},"author":1,"featured_media":0,"parent":0,"menu_order":0,"comment_status":"closed","ping_status":"closed","template":"page-templates\/empty.php","meta":{"_acf_changed":false,"inline_featured_image":false,"footnotes":""},"class_list":["post-82","page","type-page","status-publish","hentry"],"acf":[],"yoast_head":"<!-- This site is optimized with the Yoast SEO plugin v27.3 - https:\/\/yoast.com\/product\/yoast-seo-wordpress\/ -->\n<title>Subestaciones El\u00e9ctricas - Ametel<\/title>\n<meta name=\"robots\" content=\"index, follow, max-snippet:-1, max-image-preview:large, max-video-preview:-1\" \/>\n<link rel=\"canonical\" href=\"https:\/\/www.ametel.cl\/en\/subestaciones\/\" \/>\n<meta property=\"og:locale\" content=\"en_GB\" \/>\n<meta property=\"og:type\" content=\"article\" \/>\n<meta property=\"og:title\" content=\"Subestaciones El\u00e9ctricas - Ametel\" \/>\n<meta property=\"og:description\" content=\"Dentro de esta \u00e1rea de negocio, en Ametel estamos especializados en el desarrollo de ingenier\u00eda, mantenimiento, construcci\u00f3n y reforma de subestaciones elevadoras y seccionadoras de hasta 400kV. Tenemos capacidad y amplia experiencia en el desarrollo de acuerdos marco, contratos de montaje (BOPs) y contratos en modalidad \u201cllave en mano\u201d (EPCs). AMETEL dispone de los recursos [...]Read More... from Subestaciones El\u00e9ctricas\" \/>\n<meta property=\"og:url\" content=\"https:\/\/www.ametel.cl\/en\/subestaciones\/\" \/>\n<meta property=\"og:site_name\" content=\"Ametel\" \/>\n<meta property=\"article:modified_time\" content=\"2023-09-18T15:08:44+00:00\" \/>\n<meta name=\"twitter:card\" content=\"summary_large_image\" \/>\n<script type=\"application\/ld+json\" class=\"yoast-schema-graph\">{\"@context\":\"https:\\\/\\\/schema.org\",\"@graph\":[{\"@type\":\"WebPage\",\"@id\":\"https:\\\/\\\/www.ametel.cl\\\/subestaciones\\\/\",\"url\":\"https:\\\/\\\/www.ametel.cl\\\/subestaciones\\\/\",\"name\":\"Subestaciones El\u00e9ctricas - Ametel\",\"isPartOf\":{\"@id\":\"https:\\\/\\\/www.ametel.cl\\\/#website\"},\"datePublished\":\"2022-02-21T00:20:12+00:00\",\"dateModified\":\"2023-09-18T15:08:44+00:00\",\"breadcrumb\":{\"@id\":\"https:\\\/\\\/www.ametel.cl\\\/subestaciones\\\/#breadcrumb\"},\"inLanguage\":\"en-GB\",\"potentialAction\":[{\"@type\":\"ReadAction\",\"target\":[\"https:\\\/\\\/www.ametel.cl\\\/subestaciones\\\/\"]}]},{\"@type\":\"BreadcrumbList\",\"@id\":\"https:\\\/\\\/www.ametel.cl\\\/subestaciones\\\/#breadcrumb\",\"itemListElement\":[{\"@type\":\"ListItem\",\"position\":1,\"name\":\"Portada\",\"item\":\"https:\\\/\\\/www.ametel.cl\\\/\"},{\"@type\":\"ListItem\",\"position\":2,\"name\":\"Subestaciones El\u00e9ctricas\"}]},{\"@type\":\"WebSite\",\"@id\":\"https:\\\/\\\/www.ametel.cl\\\/#website\",\"url\":\"https:\\\/\\\/www.ametel.cl\\\/\",\"name\":\"Ametel\",\"description\":\"Andaluza de Montajes El\u00e9ctricos y Telef\u00f3nicos S.A.\",\"publisher\":{\"@id\":\"https:\\\/\\\/www.ametel.cl\\\/#organization\"},\"potentialAction\":[{\"@type\":\"SearchAction\",\"target\":{\"@type\":\"EntryPoint\",\"urlTemplate\":\"https:\\\/\\\/www.ametel.cl\\\/?s={search_term_string}\"},\"query-input\":{\"@type\":\"PropertyValueSpecification\",\"valueRequired\":true,\"valueName\":\"search_term_string\"}}],\"inLanguage\":\"en-GB\"},{\"@type\":\"Organization\",\"@id\":\"https:\\\/\\\/www.ametel.cl\\\/#organization\",\"name\":\"Ametel\",\"url\":\"https:\\\/\\\/www.ametel.cl\\\/\",\"logo\":{\"@type\":\"ImageObject\",\"inLanguage\":\"en-GB\",\"@id\":\"https:\\\/\\\/www.ametel.cl\\\/#\\\/schema\\\/logo\\\/image\\\/\",\"url\":\"https:\\\/\\\/www.ametel.cl\\\/wp-content\\\/uploads\\\/2024\\\/02\\\/AMETELLOGOCHILE.png\",\"contentUrl\":\"https:\\\/\\\/www.ametel.cl\\\/wp-content\\\/uploads\\\/2024\\\/02\\\/AMETELLOGOCHILE.png\",\"width\":1094,\"height\":595,\"caption\":\"Ametel\"},\"image\":{\"@id\":\"https:\\\/\\\/www.ametel.cl\\\/#\\\/schema\\\/logo\\\/image\\\/\"}}]}<\/script>\n<!-- \/ Yoast SEO plugin. -->","yoast_head_json":{"title":"Subestaciones El\u00e9ctricas - Ametel","robots":{"index":"index","follow":"follow","max-snippet":"max-snippet:-1","max-image-preview":"max-image-preview:large","max-video-preview":"max-video-preview:-1"},"canonical":"https:\/\/www.ametel.cl\/en\/subestaciones\/","og_locale":"en_GB","og_type":"article","og_title":"Subestaciones El\u00e9ctricas - Ametel","og_description":"Dentro de esta \u00e1rea de negocio, en Ametel estamos especializados en el desarrollo de ingenier\u00eda, mantenimiento, construcci\u00f3n y reforma de subestaciones elevadoras y seccionadoras de hasta 400kV. Tenemos capacidad y amplia experiencia en el desarrollo de acuerdos marco, contratos de montaje (BOPs) y contratos en modalidad \u201cllave en mano\u201d (EPCs). AMETEL dispone de los recursos [...]Read More... from Subestaciones El\u00e9ctricas","og_url":"https:\/\/www.ametel.cl\/en\/subestaciones\/","og_site_name":"Ametel","article_modified_time":"2023-09-18T15:08:44+00:00","twitter_card":"summary_large_image","schema":{"@context":"https:\/\/schema.org","@graph":[{"@type":"WebPage","@id":"https:\/\/www.ametel.cl\/subestaciones\/","url":"https:\/\/www.ametel.cl\/subestaciones\/","name":"Subestaciones El\u00e9ctricas - Ametel","isPartOf":{"@id":"https:\/\/www.ametel.cl\/#website"},"datePublished":"2022-02-21T00:20:12+00:00","dateModified":"2023-09-18T15:08:44+00:00","breadcrumb":{"@id":"https:\/\/www.ametel.cl\/subestaciones\/#breadcrumb"},"inLanguage":"en-GB","potentialAction":[{"@type":"ReadAction","target":["https:\/\/www.ametel.cl\/subestaciones\/"]}]},{"@type":"BreadcrumbList","@id":"https:\/\/www.ametel.cl\/subestaciones\/#breadcrumb","itemListElement":[{"@type":"ListItem","position":1,"name":"Portada","item":"https:\/\/www.ametel.cl\/"},{"@type":"ListItem","position":2,"name":"Subestaciones El\u00e9ctricas"}]},{"@type":"WebSite","@id":"https:\/\/www.ametel.cl\/#website","url":"https:\/\/www.ametel.cl\/","name":"Ametel","description":"Andaluza de Montajes El\u00e9ctricos y Telef\u00f3nicos S.A.","publisher":{"@id":"https:\/\/www.ametel.cl\/#organization"},"potentialAction":[{"@type":"SearchAction","target":{"@type":"EntryPoint","urlTemplate":"https:\/\/www.ametel.cl\/?s={search_term_string}"},"query-input":{"@type":"PropertyValueSpecification","valueRequired":true,"valueName":"search_term_string"}}],"inLanguage":"en-GB"},{"@type":"Organization","@id":"https:\/\/www.ametel.cl\/#organization","name":"Ametel","url":"https:\/\/www.ametel.cl\/","logo":{"@type":"ImageObject","inLanguage":"en-GB","@id":"https:\/\/www.ametel.cl\/#\/schema\/logo\/image\/","url":"https:\/\/www.ametel.cl\/wp-content\/uploads\/2024\/02\/AMETELLOGOCHILE.png","contentUrl":"https:\/\/www.ametel.cl\/wp-content\/uploads\/2024\/02\/AMETELLOGOCHILE.png","width":1094,"height":595,"caption":"Ametel"},"image":{"@id":"https:\/\/www.ametel.cl\/#\/schema\/logo\/image\/"}}]}},"_links":{"self":[{"href":"https:\/\/www.ametel.cl\/en\/wp-json\/wp\/v2\/pages\/82","targetHints":{"allow":["GET"]}}],"collection":[{"href":"https:\/\/www.ametel.cl\/en\/wp-json\/wp\/v2\/pages"}],"about":[{"href":"https:\/\/www.ametel.cl\/en\/wp-json\/wp\/v2\/types\/page"}],"author":[{"embeddable":true,"href":"https:\/\/www.ametel.cl\/en\/wp-json\/wp\/v2\/users\/1"}],"replies":[{"embeddable":true,"href":"https:\/\/www.ametel.cl\/en\/wp-json\/wp\/v2\/comments?post=82"}],"version-history":[{"count":14,"href":"https:\/\/www.ametel.cl\/en\/wp-json\/wp\/v2\/pages\/82\/revisions"}],"predecessor-version":[{"id":617,"href":"https:\/\/www.ametel.cl\/en\/wp-json\/wp\/v2\/pages\/82\/revisions\/617"}],"wp:attachment":[{"href":"https:\/\/www.ametel.cl\/en\/wp-json\/wp\/v2\/media?parent=82"}],"curies":[{"name":"wp","href":"https:\/\/api.w.org\/{rel}","templated":true}]}}